{"id":16,"date":"2019-02-27T04:24:17","date_gmt":"2019-02-27T03:24:17","guid":{"rendered":"https:\/\/highlandproducts.com.pe\/pnc\/?page_id=16"},"modified":"2019-02-27T16:11:10","modified_gmt":"2019-02-27T15:11:10","slug":"finca","status":"publish","type":"page","link":"https:\/\/highlandproducts.com.pe\/pnc\/finca\/","title":{"rendered":"Finca Org\u00e1nica RAINFOREST"},"content":{"rendered":"\n<p>Tambi\u00e9n contamos con la <strong>Finca Org\u00e1nica Rainforest<\/strong>. Ubicada entre las fronteras de la regi\u00f3n\nPasco y Jun\u00edn, con una extensi\u00f3n de 56 hect\u00e1reas de cultivo de caf\u00e9, es un\nlugar donde podr\u00e1 encontrar la tranquilidad y el calor humano familiar, rodeado\nde plantaciones org\u00e1nicas y medicinales, arboles frut\u00edcolas, donde habitan\nnumerosas aves y podr\u00e1n visitar al gigantesco \u00e1rbol del abuelo, con sus\nnumerosas orqu\u00eddeas y bromelias, robustos arboles de capirona. Tambi\u00e9n\ndisfrutar\u00e1 de:<\/p>\n\n\n\n<ul><li>Fusi\u00f3n\nculinaria, con ingredientes frescos de la huerta org\u00e1nica y los animales\npropios de la finca en nuestro Restaurant campestre.<\/li><li>Hospedaje\nCampestre.<\/li><li>El\ncentro agron\u00f3mico para la investigaci\u00f3n y ense\u00f1anza de los cultivos org\u00e1nicos\nbajo la influencia c\u00f3smica <\/li><li>Centro\nde rescate del Misha (Coati) \u201cEl caf\u00e9 m\u00e1s caro del Mundo\u201d.<\/li><li>Planta\nprocesadora de Caf\u00e9 con energ\u00eda solar.<\/li><li>El\nJard\u00edn Bot\u00e1nico del Caf\u00e9 con sus 36 variedades.<\/li><li>La\ncatarata de los Mishas.<\/li><li>Piscina\nnatural de los Mishas<\/li><li>Plantas\nmedicinales y frut\u00edcolas.<\/li><li>Producci\u00f3n\nde abonos org\u00e1nicos y biofermentos<\/li><li>Mirador\nde las Fronteras de Jun\u00edn y Pasco y mucho m\u00e1s.<\/li><\/ul>\n\n\n\n<p>Cerca\nde la finca podemos visitar la Catarata de Sanchirio y su piscina Natura, el\nca\u00f1\u00f3n del tunqui y la cascada el salto del \u00c1ngel.<\/p>\n","protected":false},"excerpt":{"rendered":"<p>Tambi\u00e9n contamos con la Finca Org\u00e1nica Rainforest. Ubicada entre las fronteras de la regi\u00f3n Pasco y Jun\u00edn, con una extensi\u00f3n de 56 hect\u00e1reas de cultivo de caf\u00e9, es un lugar donde podr\u00e1 encontrar la tranquilidad y el calor humano familiar, rodeado de plantaciones org\u00e1nicas y medicinales, arboles frut\u00edcolas, donde habitan numerosas aves y podr\u00e1n visitar [&hellip;]<\/p>\n","protected":false},"author":1,"featured_media":0,"parent":0,"menu_order":0,"comment_status":"closed","ping_status":"closed","template":"","meta":[],"_links":{"self":[{"href":"https:\/\/highlandproducts.com.pe\/pnc\/wp-json\/wp\/v2\/pages\/16"}],"collection":[{"href":"https:\/\/highlandproducts.com.pe\/pnc\/wp-json\/wp\/v2\/pages"}],"about":[{"href":"https:\/\/highlandproducts.com.pe\/pnc\/wp-json\/wp\/v2\/types\/page"}],"author":[{"embeddable":true,"href":"https:\/\/highlandproducts.com.pe\/pnc\/wp-json\/wp\/v2\/users\/1"}],"replies":[{"embeddable":true,"href":"https:\/\/highlandproducts.com.pe\/pnc\/wp-json\/wp\/v2\/comments?post=16"}],"version-history":[{"count":3,"href":"https:\/\/highlandproducts.com.pe\/pnc\/wp-json\/wp\/v2\/pages\/16\/revisions"}],"predecessor-version":[{"id":100,"href":"https:\/\/highlandproducts.com.pe\/pnc\/wp-json\/wp\/v2\/pages\/16\/revisions\/100"}],"wp:attachment":[{"href":"https:\/\/highlandproducts.com.pe\/pnc\/wp-json\/wp\/v2\/media?parent=16"}],"curies":[{"name":"wp","href":"https:\/\/api.w.org\/{rel}","templated":true}]}}