{"id":55,"date":"2019-02-27T04:45:05","date_gmt":"2019-02-27T03:45:05","guid":{"rendered":"https:\/\/highlandproducts.com.pe\/pnc\/?page_id=55"},"modified":"2019-02-27T16:10:22","modified_gmt":"2019-02-27T15:10:22","slug":"parque","status":"publish","type":"page","link":"https:\/\/highlandproducts.com.pe\/pnc\/parque\/","title":{"rendered":"Parque Nacional del Caf\u00e9"},"content":{"rendered":"\n<p>El Parque Nacional Del Caf\u00e9 se crea el 15 de noviembre del 2016, mediante <strong>Resoluci\u00f3n otorgado por el Ministerio de Agricultura y Riego. <\/strong>Cuenta con una extensi\u00f3n de 40 mil hect\u00e1reas donde habitan 6 mil familias cafetaleras divididas en 17 anexos que tienen como capital al centro poblado de Sanchirio Palomar. Este t\u00edtulo se ha ganado, por destacar con sus suelos f\u00e9rtiles, altitudes y micro climas propicios para los cultivos de finos caf\u00e9s y por ser el sector que ha obtenido m\u00e1s del 70% de los reconocimientos y condecoraciones nacionales e internacionales desde los a\u00f1os 1970, con premiaciones de medallas y tazas de oro, lo que ha generado en la actualidad el desarrollo anual, de la <strong>\u201cSubasta Internacional de Micro lotes de Finos Caf\u00e9s\u201d<\/strong> llegando a subastar a $. 2,350.00 dolares por quintal. Mientras que la Bolsa de Valores de New York, cotizaba a solo $140.00 el quintal de caf\u00e9.<\/p>\n","protected":false},"excerpt":{"rendered":"<p>El Parque Nacional Del Caf\u00e9 se crea el 15 de noviembre del 2016, mediante Resoluci\u00f3n otorgado por el Ministerio de Agricultura y Riego. Cuenta con una extensi\u00f3n de 40 mil hect\u00e1reas donde habitan 6 mil familias cafetaleras divididas en 17 anexos que tienen como capital al centro poblado de Sanchirio Palomar. Este t\u00edtulo se ha [&hellip;]<\/p>\n","protected":false},"author":1,"featured_media":0,"parent":0,"menu_order":0,"comment_status":"closed","ping_status":"closed","template":"","meta":[],"_links":{"self":[{"href":"https:\/\/highlandproducts.com.pe\/pnc\/wp-json\/wp\/v2\/pages\/55"}],"collection":[{"href":"https:\/\/highlandproducts.com.pe\/pnc\/wp-json\/wp\/v2\/pages"}],"about":[{"href":"https:\/\/highlandproducts.com.pe\/pnc\/wp-json\/wp\/v2\/types\/page"}],"author":[{"embeddable":true,"href":"https:\/\/highlandproducts.com.pe\/pnc\/wp-json\/wp\/v2\/users\/1"}],"replies":[{"embeddable":true,"href":"https:\/\/highlandproducts.com.pe\/pnc\/wp-json\/wp\/v2\/comments?post=55"}],"version-history":[{"count":2,"href":"https:\/\/highlandproducts.com.pe\/pnc\/wp-json\/wp\/v2\/pages\/55\/revisions"}],"predecessor-version":[{"id":99,"href":"https:\/\/highlandproducts.com.pe\/pnc\/wp-json\/wp\/v2\/pages\/55\/revisions\/99"}],"wp:attachment":[{"href":"https:\/\/highlandproducts.com.pe\/pnc\/wp-json\/wp\/v2\/media?parent=55"}],"curies":[{"name":"wp","href":"https:\/\/api.w.org\/{rel}","templated":true}]}}